{"id":1421,"date":"2023-03-15T15:47:20","date_gmt":"2023-03-15T14:47:20","guid":{"rendered":"https:\/\/sophrologie-alpilles.com\/?page_id=1421"},"modified":"2023-03-15T16:00:35","modified_gmt":"2023-03-15T15:00:35","slug":"les-tarifs-en-entreprise","status":"publish","type":"page","link":"https:\/\/sophrologie-alpilles.com\/index.php\/les-tarifs-en-entreprise\/","title":{"rendered":"Les tarifs en entreprise"},"content":{"rendered":"\t\t<div data-elementor-type=\"wp-page\" data-elementor-id=\"1421\" class=\"elementor elementor-1421\" data-elementor-post-type=\"page\">\n\t\t\t\t\t\t<section class=\"elementor-section elementor-top-section elementor-element elementor-element-69251cc5 elementor-section-height-min-height elementor-section-full_width elementor-section-height-default elementor-section-items-middle\" data-id=\"69251cc5\" data-element_type=\"section\" data-e-type=\"section\" data-settings=\"{&quot;background_background&quot;:&quot;classic&quot;}\">\n\t\t\t\t\t\t\t<div class=\"elementor-background-overlay\"><\/div>\n\t\t\t\t\t\t\t<div class=\"elementor-container elementor-column-gap-default\">\n\t\t\t\t\t<div class=\"elementor-column elementor-col-33 elementor-top-column elementor-element elementor-element-6a301b77 elementor-hidden-phone\" data-id=\"6a301b77\" data-element_type=\"column\" data-e-type=\"column\">\n\t\t\t<div class=\"elementor-widget-wrap elementor-element-populated\">\n\t\t\t\t\t\t<section class=\"elementor-section elementor-inner-section elementor-element elementor-element-13745299 elementor-section-boxed elementor-section-height-default elementor-section-height-default\" data-id=\"13745299\" data-element_type=\"section\" data-e-type=\"section\">\n\t\t\t\t\t\t<div class=\"elementor-container elementor-column-gap-default\">\n\t\t\t\t\t<div class=\"elementor-column elementor-col-100 elementor-inner-column elementor-element elementor-element-73b81f63 elementor-hidden-phone\" data-id=\"73b81f63\" data-element_type=\"column\" data-e-type=\"column\">\n\t\t\t<div class=\"elementor-widget-wrap\">\n\t\t\t\t\t\t\t<\/div>\n\t\t<\/div>\n\t\t\t\t\t<\/div>\n\t\t<\/section>\n\t\t\t\t\t<\/div>\n\t\t<\/div>\n\t\t\t\t<div class=\"elementor-column elementor-col-33 elementor-top-column elementor-element elementor-element-738d259c\" data-id=\"738d259c\" data-element_type=\"column\" data-e-type=\"column\">\n\t\t\t<div class=\"elementor-widget-wrap elementor-element-populated\">\n\t\t\t\t\t\t<section class=\"elementor-section elementor-inner-section elementor-element elementor-element-6232e6d4 elementor-section-boxed elementor-section-height-default elementor-section-height-default\" data-id=\"6232e6d4\" data-element_type=\"section\" data-e-type=\"section\">\n\t\t\t\t\t\t<div class=\"elementor-container elementor-column-gap-default\">\n\t\t\t\t\t<div class=\"elementor-column elementor-col-100 elementor-inner-column elementor-element elementor-element-3a4cbd82\" data-id=\"3a4cbd82\" data-element_type=\"column\" data-e-type=\"column\">\n\t\t\t<div class=\"elementor-widget-wrap elementor-element-populated\">\n\t\t\t\t\t\t<div class=\"elementor-element elementor-element-209c83c3 elementor-widget__width-auto animated-fast elementor-invisible elementor-widget elementor-widget-heading\" data-id=\"209c83c3\" data-element_type=\"widget\" data-e-type=\"widget\" data-settings=\"{&quot;_animation&quot;:&quot;zoomIn&quot;}\" data-widget_type=\"heading.default\">\n\t\t\t\t<div class=\"elementor-widget-container\">\n\t\t\t\t\t<h1 class=\"elementor-heading-title elementor-size-default\">La Sophrologie au service des entreprises<\/h1>\t\t\t\t<\/div>\n\t\t\t\t<\/div>\n\t\t\t\t<div class=\"elementor-element elementor-element-3f944b27 elementor-invisible elementor-widget elementor-widget-heading\" data-id=\"3f944b27\" data-element_type=\"widget\" data-e-type=\"widget\" data-settings=\"{&quot;_animation&quot;:&quot;fadeIn&quot;}\" data-widget_type=\"heading.default\">\n\t\t\t\t<div class=\"elementor-widget-container\">\n\t\t\t\t\t<h1 class=\"elementor-heading-title elementor-size-default\">Les tarifs en entreprise<\/h1>\t\t\t\t<\/div>\n\t\t\t\t<\/div>\n\t\t\t\t\t<\/div>\n\t\t<\/div>\n\t\t\t\t\t<\/div>\n\t\t<\/section>\n\t\t\t\t\t<\/div>\n\t\t<\/div>\n\t\t\t\t<div class=\"elementor-column elementor-col-33 elementor-top-column elementor-element elementor-element-197c3e6f\" data-id=\"197c3e6f\" data-element_type=\"column\" data-e-type=\"column\">\n\t\t\t<div class=\"elementor-widget-wrap\">\n\t\t\t\t\t\t\t<\/div>\n\t\t<\/div>\n\t\t\t\t\t<\/div>\n\t\t<\/section>\n\t\t<div class=\"elementor-element elementor-element-e401049 e-flex e-con-boxed e-con e-parent\" data-id=\"e401049\" data-element_type=\"container\" data-e-type=\"container\">\n\t\t\t\t\t<div class=\"e-con-inner\">\n\t\t\t\t<div class=\"elementor-element elementor-element-5b376c9 elementor-widget elementor-widget-heading\" data-id=\"5b376c9\" data-element_type=\"widget\" data-e-type=\"widget\" data-widget_type=\"heading.default\">\n\t\t\t\t<div class=\"elementor-widget-container\">\n\t\t\t\t\t<h2 class=\"elementor-heading-title elementor-size-medium\">Une approche sur-mesure<\/h2>\t\t\t\t<\/div>\n\t\t\t\t<\/div>\n\t\t\t\t<div class=\"elementor-element elementor-element-55ce7b4 elementor-widget elementor-widget-text-editor\" data-id=\"55ce7b4\" data-element_type=\"widget\" data-e-type=\"widget\" data-widget_type=\"text-editor.default\">\n\t\t\t\t<div class=\"elementor-widget-container\">\n\t\t\t\t\t\t\t\t\t<p>L\u2019intervention en entreprise se fait sur devis en fonction des besoins, du nombre de participants et du nombre de s\u00e9ances, elle est faite sur mesure en fonction de vos attentes.<\/p><p>Je vous propose de nous rencontrer afin de mieux comprendre l\u2019organisation (cr\u00e9ation\/\u00e9volution, changements marquants), le fonctionnement, l\u2019\u00e9cologie, les valeurs de l\u2019entreprise.<\/p><p>La prise en compte des individus et du collectif dans leur fonctionnement est essentiel.<\/p><p>Une note d\u2019information sera r\u00e9dig\u00e9e afin de pr\u00e9senter le d\u00e9roulement d\u2019une s\u00e9ance de sophrologie \u00e0 vos salari\u00e9s, les objectifs vis\u00e9s, les bienfaits et ainsi les sensibiliser aux futures interventions.<\/p>\t\t\t\t\t\t\t\t<\/div>\n\t\t\t\t<\/div>\n\t\t\t\t<div class=\"elementor-element elementor-element-4ea1f97 elementor-widget elementor-widget-heading\" data-id=\"4ea1f97\" data-element_type=\"widget\" data-e-type=\"widget\" data-widget_type=\"heading.default\">\n\t\t\t\t<div class=\"elementor-widget-container\">\n\t\t\t\t\t<h2 class=\"elementor-heading-title elementor-size-default\">L\u2019obligation de confidentialit\u00e9 :<\/h2>\t\t\t\t<\/div>\n\t\t\t\t<\/div>\n\t\t\t\t<div class=\"elementor-element elementor-element-5c34f30 elementor-widget elementor-widget-text-editor\" data-id=\"5c34f30\" data-element_type=\"widget\" data-e-type=\"widget\" data-widget_type=\"text-editor.default\">\n\t\t\t\t<div class=\"elementor-widget-container\">\n\t\t\t\t\t\t\t\t\t<p>Le sophrologue est tenu au respect absolu du secret professionnel que ce soit dans son exercice lib\u00e9ral ou en entreprise.<\/p><p>Dans la conduite de groupe, les participants seront inform\u00e9s de l\u2019obligation de confidentialit\u00e9.<\/p><p>Ce secret professionnel ne pourra \u00eatre lev\u00e9 que dans le cadre des dispositions pr\u00e9vues par la loi.<\/p>\t\t\t\t\t\t\t\t<\/div>\n\t\t\t\t<\/div>\n\t\t\t\t\t<\/div>\n\t\t\t\t<\/div>\n\t\t\t\t<section class=\"elementor-section elementor-top-section elementor-element elementor-element-2c0bf91 elementor-section-boxed elementor-section-height-default elementor-section-height-default\" data-id=\"2c0bf91\" data-element_type=\"section\" data-e-type=\"section\" data-settings=\"{&quot;background_background&quot;:&quot;classic&quot;}\">\n\t\t\t\t\t\t\t<div class=\"elementor-background-overlay\"><\/div>\n\t\t\t\t\t\t\t<div class=\"elementor-container elementor-column-gap-default\">\n\t\t\t\t\t<div class=\"elementor-column elementor-col-100 elementor-top-column elementor-element elementor-element-70833433\" data-id=\"70833433\" data-element_type=\"column\" data-e-type=\"column\">\n\t\t\t<div class=\"elementor-widget-wrap elementor-element-populated\">\n\t\t\t\t\t\t<div class=\"elementor-element elementor-element-6c75cdb3 elementor-widget elementor-widget-heading\" data-id=\"6c75cdb3\" data-element_type=\"widget\" data-e-type=\"widget\" data-widget_type=\"heading.default\">\n\t\t\t\t<div class=\"elementor-widget-container\">\n\t\t\t\t\t<h2 class=\"elementor-heading-title elementor-size-default\">Au cabinet ou en visio FaceTime<\/h2>\t\t\t\t<\/div>\n\t\t\t\t<\/div>\n\t\t\t\t<div class=\"elementor-element elementor-element-655901d5 elementor-shape-rounded elementor-grid-0 e-grid-align-center elementor-widget elementor-widget-social-icons\" data-id=\"655901d5\" data-element_type=\"widget\" data-e-type=\"widget\" data-widget_type=\"social-icons.default\">\n\t\t\t\t<div class=\"elementor-widget-container\">\n\t\t\t\t\t\t\t<div class=\"elementor-social-icons-wrapper elementor-grid\" role=\"list\">\n\t\t\t\t\t\t\t<span class=\"elementor-grid-item\" role=\"listitem\">\n\t\t\t\t\t<a class=\"elementor-icon elementor-social-icon elementor-social-icon-facebook-f elementor-repeater-item-072f3db\" href=\"https:\/\/facebook.com\" target=\"_blank\">\n\t\t\t\t\t\t<span class=\"elementor-screen-only\">Facebook-f<\/span>\n\t\t\t\t\t\t<svg aria-hidden=\"true\" class=\"e-font-icon-svg e-fab-facebook-f\" viewBox=\"0 0 320 512\" xmlns=\"http:\/\/www.w3.org\/2000\/svg\"><path d=\"M279.14 288l14.22-92.66h-88.91v-60.13c0-25.35 12.42-50.06 52.24-50.06h40.42V6.26S260.43 0 225.36 0c-73.22 0-121.08 44.38-121.08 124.72v70.62H22.89V288h81.39v224h100.17V288z\"><\/path><\/svg>\t\t\t\t\t<\/a>\n\t\t\t\t<\/span>\n\t\t\t\t\t\t\t<span class=\"elementor-grid-item\" role=\"listitem\">\n\t\t\t\t\t<a class=\"elementor-icon elementor-social-icon elementor-social-icon-instagram elementor-repeater-item-20222a0\" href=\"https:\/\/instagram.com\" target=\"_blank\">\n\t\t\t\t\t\t<span class=\"elementor-screen-only\">Instagram<\/span>\n\t\t\t\t\t\t<svg aria-hidden=\"true\" class=\"e-font-icon-svg e-fab-instagram\" viewBox=\"0 0 448 512\" xmlns=\"http:\/\/www.w3.org\/2000\/svg\"><path d=\"M224.1 141c-63.6 0-114.9 51.3-114.9 114.9s51.3 114.9 114.9 114.9S339 319.5 339 255.9 287.7 141 224.1 141zm0 189.6c-41.1 0-74.7-33.5-74.7-74.7s33.5-74.7 74.7-74.7 74.7 33.5 74.7 74.7-33.6 74.7-74.7 74.7zm146.4-194.3c0 14.9-12 26.8-26.8 26.8-14.9 0-26.8-12-26.8-26.8s12-26.8 26.8-26.8 26.8 12 26.8 26.8zm76.1 27.2c-1.7-35.9-9.9-67.7-36.2-93.9-26.2-26.2-58-34.4-93.9-36.2-37-2.1-147.9-2.1-184.9 0-35.8 1.7-67.6 9.9-93.9 36.1s-34.4 58-36.2 93.9c-2.1 37-2.1 147.9 0 184.9 1.7 35.9 9.9 67.7 36.2 93.9s58 34.4 93.9 36.2c37 2.1 147.9 2.1 184.9 0 35.9-1.7 67.7-9.9 93.9-36.2 26.2-26.2 34.4-58 36.2-93.9 2.1-37 2.1-147.8 0-184.8zM398.8 388c-7.8 19.6-22.9 34.7-42.6 42.6-29.5 11.7-99.5 9-132.1 9s-102.7 2.6-132.1-9c-19.6-7.8-34.7-22.9-42.6-42.6-11.7-29.5-9-99.5-9-132.1s-2.6-102.7 9-132.1c7.8-19.6 22.9-34.7 42.6-42.6 29.5-11.7 99.5-9 132.1-9s102.7-2.6 132.1 9c19.6 7.8 34.7 22.9 42.6 42.6 11.7 29.5 9 99.5 9 132.1s2.7 102.7-9 132.1z\"><\/path><\/svg>\t\t\t\t\t<\/a>\n\t\t\t\t<\/span>\n\t\t\t\t\t\t\t<span class=\"elementor-grid-item\" role=\"listitem\">\n\t\t\t\t\t<a class=\"elementor-icon elementor-social-icon elementor-social-icon-linkedin-in elementor-repeater-item-b8799b2\" href=\"https:\/\/linkedin.com\" target=\"_blank\">\n\t\t\t\t\t\t<span class=\"elementor-screen-only\">Linkedin-in<\/span>\n\t\t\t\t\t\t<svg aria-hidden=\"true\" class=\"e-font-icon-svg e-fab-linkedin-in\" viewBox=\"0 0 448 512\" xmlns=\"http:\/\/www.w3.org\/2000\/svg\"><path d=\"M100.28 448H7.4V148.9h92.88zM53.79 108.1C24.09 108.1 0 83.5 0 53.8a53.79 53.79 0 0 1 107.58 0c0 29.7-24.1 54.3-53.79 54.3zM447.9 448h-92.68V302.4c0-34.7-.7-79.2-48.29-79.2-48.29 0-55.69 37.7-55.69 76.7V448h-92.78V148.9h89.08v40.8h1.3c12.4-23.5 42.69-48.3 87.88-48.3 94 0 111.28 61.9 111.28 142.3V448z\"><\/path><\/svg>\t\t\t\t\t<\/a>\n\t\t\t\t<\/span>\n\t\t\t\t\t<\/div>\n\t\t\t\t\t\t<\/div>\n\t\t\t\t<\/div>\n\t\t\t\t<section class=\"elementor-section elementor-inner-section elementor-element elementor-element-75ec8e88 elementor-section-boxed elementor-section-height-default elementor-section-height-default\" data-id=\"75ec8e88\" data-element_type=\"section\" data-e-type=\"section\">\n\t\t\t\t\t\t<div class=\"elementor-container elementor-column-gap-default\">\n\t\t\t\t\t<div class=\"elementor-column elementor-col-100 elementor-inner-column elementor-element elementor-element-f2c4c2f\" data-id=\"f2c4c2f\" data-element_type=\"column\" data-e-type=\"column\">\n\t\t\t<div class=\"elementor-widget-wrap elementor-element-populated\">\n\t\t\t\t\t\t<div class=\"elementor-element elementor-element-2dde67af elementor-widget elementor-widget-text-editor\" data-id=\"2dde67af\" data-element_type=\"widget\" data-e-type=\"widget\" data-widget_type=\"text-editor.default\">\n\t\t\t\t<div class=\"elementor-widget-container\">\n\t\t\t\t\t\t\t\t\t<blockquote><p><span style=\"color: #ffffff;\"><strong>Contactez moi par mail, t\u00e9l\u00e9phone ou sur les r\u00e9seaux en messagerie priv\u00e9.<\/strong><\/span><\/p><\/blockquote>\t\t\t\t\t\t\t\t<\/div>\n\t\t\t\t<\/div>\n\t\t\t\t\t<\/div>\n\t\t<\/div>\n\t\t\t\t\t<\/div>\n\t\t<\/section>\n\t\t\t\t\t<\/div>\n\t\t<\/div>\n\t\t\t\t\t<\/div>\n\t\t<\/section>\n\t\t\t\t<\/div>\n\t\t","protected":false},"excerpt":{"rendered":"<p>La Sophrologie au service des entreprises Les tarifs en entreprise Une approche sur-mesure L\u2019intervention en entreprise se fait sur devis en fonction des besoins, du nombre de participants et du nombre de s\u00e9ances, elle est faite sur mesure en fonction de vos attentes. Je vous propose de nous rencontrer afin de mieux comprendre l\u2019organisation (cr\u00e9ation\/\u00e9volution, [&hellip;]<\/p>\n","protected":false},"author":3,"featured_media":0,"parent":0,"menu_order":0,"comment_status":"closed","ping_status":"closed","template":"","meta":{"_monsterinsights_skip_tracking":false,"_monsterinsights_sitenote_active":false,"_monsterinsights_sitenote_note":"","_monsterinsights_sitenote_category":0,"_themeisle_gutenberg_block_has_review":false,"footnotes":""},"class_list":["post-1421","page","type-page","status-publish","hentry","entry"],"yoast_head":"<!-- This site is optimized with the Yoast SEO plugin v27.3 - https:\/\/yoast.com\/product\/yoast-seo-wordpress\/ -->\n<title>Les tarifs en entreprise - Sophrologie-Alpilles<\/title>\n<meta name=\"description\" content=\"Stress et bien \u00eatre en entreprise\" \/>\n<meta name=\"robots\" content=\"index, follow, max-snippet:-1, max-image-preview:large, max-video-preview:-1\" \/>\n<link rel=\"canonical\" href=\"https:\/\/sophrologie-alpilles.com\/index.php\/les-tarifs-en-entreprise\/\" \/>\n<meta property=\"og:locale\" content=\"fr_FR\" \/>\n<meta property=\"og:type\" content=\"article\" \/>\n<meta property=\"og:title\" content=\"Les tarifs en entreprise - Sophrologie-Alpilles\" \/>\n<meta property=\"og:description\" content=\"Stress et bien \u00eatre en entreprise\" \/>\n<meta property=\"og:url\" content=\"https:\/\/sophrologie-alpilles.com\/index.php\/les-tarifs-en-entreprise\/\" \/>\n<meta property=\"og:site_name\" content=\"Sophrologie-Alpilles\" \/>\n<meta property=\"article:modified_time\" content=\"2023-03-15T15:00:35+00:00\" \/>\n<meta name=\"twitter:card\" content=\"summary_large_image\" \/>\n<meta name=\"twitter:label1\" content=\"Dur\u00e9e de lecture estim\u00e9e\" \/>\n\t<meta name=\"twitter:data1\" content=\"1 minute\" \/>\n<script type=\"application\/ld+json\" class=\"yoast-schema-graph\">{\"@context\":\"https:\\\/\\\/schema.org\",\"@graph\":[{\"@type\":\"WebPage\",\"@id\":\"https:\\\/\\\/sophrologie-alpilles.com\\\/index.php\\\/les-tarifs-en-entreprise\\\/\",\"url\":\"https:\\\/\\\/sophrologie-alpilles.com\\\/index.php\\\/les-tarifs-en-entreprise\\\/\",\"name\":\"Les tarifs en entreprise - Sophrologie-Alpilles\",\"isPartOf\":{\"@id\":\"https:\\\/\\\/sophrologie-alpilles.com\\\/#website\"},\"datePublished\":\"2023-03-15T14:47:20+00:00\",\"dateModified\":\"2023-03-15T15:00:35+00:00\",\"description\":\"Stress et bien \u00eatre en entreprise\",\"breadcrumb\":{\"@id\":\"https:\\\/\\\/sophrologie-alpilles.com\\\/index.php\\\/les-tarifs-en-entreprise\\\/#breadcrumb\"},\"inLanguage\":\"fr-FR\",\"potentialAction\":[{\"@type\":\"ReadAction\",\"target\":[\"https:\\\/\\\/sophrologie-alpilles.com\\\/index.php\\\/les-tarifs-en-entreprise\\\/\"]}]},{\"@type\":\"BreadcrumbList\",\"@id\":\"https:\\\/\\\/sophrologie-alpilles.com\\\/index.php\\\/les-tarifs-en-entreprise\\\/#breadcrumb\",\"itemListElement\":[{\"@type\":\"ListItem\",\"position\":1,\"name\":\"Accueil\",\"item\":\"https:\\\/\\\/sophrologie-alpilles.com\\\/\"},{\"@type\":\"ListItem\",\"position\":2,\"name\":\"Les tarifs en entreprise\"}]},{\"@type\":\"WebSite\",\"@id\":\"https:\\\/\\\/sophrologie-alpilles.com\\\/#website\",\"url\":\"https:\\\/\\\/sophrologie-alpilles.com\\\/\",\"name\":\"Sophrologie-Alpilles\",\"description\":\"&quot;Reconnectez vous \u00e0 votre bien-\u00eatre.&quot;\",\"publisher\":{\"@id\":\"https:\\\/\\\/sophrologie-alpilles.com\\\/#organization\"},\"potentialAction\":[{\"@type\":\"SearchAction\",\"target\":{\"@type\":\"EntryPoint\",\"urlTemplate\":\"https:\\\/\\\/sophrologie-alpilles.com\\\/?s={search_term_string}\"},\"query-input\":{\"@type\":\"PropertyValueSpecification\",\"valueRequired\":true,\"valueName\":\"search_term_string\"}}],\"inLanguage\":\"fr-FR\"},{\"@type\":\"Organization\",\"@id\":\"https:\\\/\\\/sophrologie-alpilles.com\\\/#organization\",\"name\":\"Sophrologie-Alpilles\",\"url\":\"https:\\\/\\\/sophrologie-alpilles.com\\\/\",\"logo\":{\"@type\":\"ImageObject\",\"inLanguage\":\"fr-FR\",\"@id\":\"https:\\\/\\\/sophrologie-alpilles.com\\\/#\\\/schema\\\/logo\\\/image\\\/\",\"url\":\"https:\\\/\\\/sophrologie-alpilles.com\\\/wp-content\\\/uploads\\\/2024\\\/12\\\/cropped-Banniere-LinkedIn-Architecte-Moderne-Noir-3.png\",\"contentUrl\":\"https:\\\/\\\/sophrologie-alpilles.com\\\/wp-content\\\/uploads\\\/2024\\\/12\\\/cropped-Banniere-LinkedIn-Architecte-Moderne-Noir-3.png\",\"width\":250,\"height\":60,\"caption\":\"Sophrologie-Alpilles\"},\"image\":{\"@id\":\"https:\\\/\\\/sophrologie-alpilles.com\\\/#\\\/schema\\\/logo\\\/image\\\/\"}}]}<\/script>\n<!-- \/ Yoast SEO plugin. -->","yoast_head_json":{"title":"Les tarifs en entreprise - Sophrologie-Alpilles","description":"Stress et bien \u00eatre en entreprise","robots":{"index":"index","follow":"follow","max-snippet":"max-snippet:-1","max-image-preview":"max-image-preview:large","max-video-preview":"max-video-preview:-1"},"canonical":"https:\/\/sophrologie-alpilles.com\/index.php\/les-tarifs-en-entreprise\/","og_locale":"fr_FR","og_type":"article","og_title":"Les tarifs en entreprise - Sophrologie-Alpilles","og_description":"Stress et bien \u00eatre en entreprise","og_url":"https:\/\/sophrologie-alpilles.com\/index.php\/les-tarifs-en-entreprise\/","og_site_name":"Sophrologie-Alpilles","article_modified_time":"2023-03-15T15:00:35+00:00","twitter_card":"summary_large_image","twitter_misc":{"Dur\u00e9e de lecture estim\u00e9e":"1 minute"},"schema":{"@context":"https:\/\/schema.org","@graph":[{"@type":"WebPage","@id":"https:\/\/sophrologie-alpilles.com\/index.php\/les-tarifs-en-entreprise\/","url":"https:\/\/sophrologie-alpilles.com\/index.php\/les-tarifs-en-entreprise\/","name":"Les tarifs en entreprise - Sophrologie-Alpilles","isPartOf":{"@id":"https:\/\/sophrologie-alpilles.com\/#website"},"datePublished":"2023-03-15T14:47:20+00:00","dateModified":"2023-03-15T15:00:35+00:00","description":"Stress et bien \u00eatre en entreprise","breadcrumb":{"@id":"https:\/\/sophrologie-alpilles.com\/index.php\/les-tarifs-en-entreprise\/#breadcrumb"},"inLanguage":"fr-FR","potentialAction":[{"@type":"ReadAction","target":["https:\/\/sophrologie-alpilles.com\/index.php\/les-tarifs-en-entreprise\/"]}]},{"@type":"BreadcrumbList","@id":"https:\/\/sophrologie-alpilles.com\/index.php\/les-tarifs-en-entreprise\/#breadcrumb","itemListElement":[{"@type":"ListItem","position":1,"name":"Accueil","item":"https:\/\/sophrologie-alpilles.com\/"},{"@type":"ListItem","position":2,"name":"Les tarifs en entreprise"}]},{"@type":"WebSite","@id":"https:\/\/sophrologie-alpilles.com\/#website","url":"https:\/\/sophrologie-alpilles.com\/","name":"Sophrologie-Alpilles","description":"&quot;Reconnectez vous \u00e0 votre bien-\u00eatre.&quot;","publisher":{"@id":"https:\/\/sophrologie-alpilles.com\/#organization"},"potentialAction":[{"@type":"SearchAction","target":{"@type":"EntryPoint","urlTemplate":"https:\/\/sophrologie-alpilles.com\/?s={search_term_string}"},"query-input":{"@type":"PropertyValueSpecification","valueRequired":true,"valueName":"search_term_string"}}],"inLanguage":"fr-FR"},{"@type":"Organization","@id":"https:\/\/sophrologie-alpilles.com\/#organization","name":"Sophrologie-Alpilles","url":"https:\/\/sophrologie-alpilles.com\/","logo":{"@type":"ImageObject","inLanguage":"fr-FR","@id":"https:\/\/sophrologie-alpilles.com\/#\/schema\/logo\/image\/","url":"https:\/\/sophrologie-alpilles.com\/wp-content\/uploads\/2024\/12\/cropped-Banniere-LinkedIn-Architecte-Moderne-Noir-3.png","contentUrl":"https:\/\/sophrologie-alpilles.com\/wp-content\/uploads\/2024\/12\/cropped-Banniere-LinkedIn-Architecte-Moderne-Noir-3.png","width":250,"height":60,"caption":"Sophrologie-Alpilles"},"image":{"@id":"https:\/\/sophrologie-alpilles.com\/#\/schema\/logo\/image\/"}}]}},"_links":{"self":[{"href":"https:\/\/sophrologie-alpilles.com\/index.php\/wp-json\/wp\/v2\/pages\/1421","targetHints":{"allow":["GET"]}}],"collection":[{"href":"https:\/\/sophrologie-alpilles.com\/index.php\/wp-json\/wp\/v2\/pages"}],"about":[{"href":"https:\/\/sophrologie-alpilles.com\/index.php\/wp-json\/wp\/v2\/types\/page"}],"author":[{"embeddable":true,"href":"https:\/\/sophrologie-alpilles.com\/index.php\/wp-json\/wp\/v2\/users\/3"}],"replies":[{"embeddable":true,"href":"https:\/\/sophrologie-alpilles.com\/index.php\/wp-json\/wp\/v2\/comments?post=1421"}],"version-history":[{"count":1,"href":"https:\/\/sophrologie-alpilles.com\/index.php\/wp-json\/wp\/v2\/pages\/1421\/revisions"}],"predecessor-version":[{"id":1448,"href":"https:\/\/sophrologie-alpilles.com\/index.php\/wp-json\/wp\/v2\/pages\/1421\/revisions\/1448"}],"wp:attachment":[{"href":"https:\/\/sophrologie-alpilles.com\/index.php\/wp-json\/wp\/v2\/media?parent=1421"}],"curies":[{"name":"wp","href":"https:\/\/api.w.org\/{rel}","templated":true}]}}